{"id":3622,"date":"2025-01-28T14:20:22","date_gmt":"2025-01-28T17:20:22","guid":{"rendered":"https:\/\/www.chediack.com.ar\/?page_id=3622"},"modified":"2025-09-24T10:57:27","modified_gmt":"2025-09-24T13:57:27","slug":"integridad","status":"publish","type":"page","link":"https:\/\/www.chediack.com.ar\/?page_id=3622","title":{"rendered":"Integridad"},"content":{"rendered":"\t\t<div data-elementor-type=\"wp-page\" data-elementor-id=\"3622\" class=\"elementor elementor-3622\" data-elementor-post-type=\"page\">\n\t\t\t\t<div class=\"elementor-element elementor-element-bdb00b5 e-flex e-con-boxed e-con e-parent\" data-id=\"bdb00b5\" data-element_type=\"container\" data-e-type=\"container\">\n\t\t\t\t\t<div class=\"e-con-inner\">\n\t\t\t\t<div class=\"elementor-element elementor-element-e947e75 elementor-widget elementor-widget-heading\" data-id=\"e947e75\" data-element_type=\"widget\" data-e-type=\"widget\" data-widget_type=\"heading.default\">\n\t\t\t\t<div class=\"elementor-widget-container\">\n\t\t\t\t\t<h2 class=\"elementor-heading-title elementor-size-default\">Nuestro Compromiso<\/h2>\t\t\t\t<\/div>\n\t\t\t\t<\/div>\n\t\t\t\t\t<\/div>\n\t\t\t\t<\/div>\n\t\t<div class=\"elementor-element elementor-element-53fe948 e-flex e-con-boxed e-con e-parent\" data-id=\"53fe948\" data-element_type=\"container\" data-e-type=\"container\">\n\t\t\t\t\t<div class=\"e-con-inner\">\n\t\t\t\t<div class=\"elementor-element elementor-element-c7bb7ed elementor-widget elementor-widget-text-editor\" data-id=\"c7bb7ed\" data-element_type=\"widget\" data-e-type=\"widget\" data-widget_type=\"text-editor.default\">\n\t\t\t\t<div class=\"elementor-widget-container\">\n\t\t\t\t\t\t\t\t\t<h5 style=\"text-align: center;\"><br \/><span style=\"color: #000000;\">En CHEDIACK la integridad es un pilar fundamental de nuestra operaci\u00f3n. Nos comprometemos a actuar siempre con la m\u00e1xima honestidad y transparencia, asegurando que todas nuestras decisiones y acciones est\u00e9n guiadas por los m\u00e1s altos est\u00e1ndares morales y profesionales.<\/span><\/h5>\t\t\t\t\t\t\t\t<\/div>\n\t\t\t\t<\/div>\n\t\t\t\t\t<\/div>\n\t\t\t\t<\/div>\n\t\t<div class=\"elementor-element elementor-element-e39d22c e-flex e-con-boxed e-con e-parent\" data-id=\"e39d22c\" data-element_type=\"container\" data-e-type=\"container\">\n\t\t\t\t\t<div class=\"e-con-inner\">\n\t\t\t\t<div class=\"elementor-element elementor-element-c516f06 elementor-widget-divider--view-line elementor-widget elementor-widget-divider\" data-id=\"c516f06\" data-element_type=\"widget\" data-e-type=\"widget\" data-widget_type=\"divider.default\">\n\t\t\t\t<div class=\"elementor-widget-container\">\n\t\t\t\t\t\t\t<div class=\"elementor-divider\">\n\t\t\t<span class=\"elementor-divider-separator\">\n\t\t\t\t\t\t<\/span>\n\t\t<\/div>\n\t\t\t\t\t\t<\/div>\n\t\t\t\t<\/div>\n\t\t\t\t\t<\/div>\n\t\t\t\t<\/div>\n\t\t<div class=\"elementor-element elementor-element-e593b92 e-flex e-con-boxed e-con e-parent\" data-id=\"e593b92\" data-element_type=\"container\" data-e-type=\"container\">\n\t\t\t\t\t<div class=\"e-con-inner\">\n\t\t<div class=\"elementor-element elementor-element-8cf55d5 e-con-full e-flex e-con e-child\" data-id=\"8cf55d5\" data-element_type=\"container\" data-e-type=\"container\">\n\t\t\t\t<div class=\"elementor-element elementor-element-2e248b0 elementor-widget elementor-widget-text-editor\" data-id=\"2e248b0\" data-element_type=\"widget\" data-e-type=\"widget\" data-widget_type=\"text-editor.default\">\n\t\t\t\t<div class=\"elementor-widget-container\">\n\t\t\t\t\t\t\t\t\t<h4 style=\"text-align: center;\">C\u00f3digo de \u00c9tica<\/h4>\t\t\t\t\t\t\t\t<\/div>\n\t\t\t\t<\/div>\n\t\t\t\t<div class=\"elementor-element elementor-element-1b7ea26 elementor-widget elementor-widget-text-editor\" data-id=\"1b7ea26\" data-element_type=\"widget\" data-e-type=\"widget\" data-widget_type=\"text-editor.default\">\n\t\t\t\t<div class=\"elementor-widget-container\">\n\t\t\t\t\t\t\t\t\t<p style=\"text-align: center;\"><span style=\"color: #000000;\">El C\u00f3digo de \u00c9tica de JOS\u00c9 J. CHEDIACK S.A.I.C.A., Tiene por objeto reflejar y preservar los altos est\u00e1ndares de conducta que han sido y son parte de nuestra cultura y forma de hacer los negocios. Desde JOS\u00c9 J. CHEDIACK S.A.I.C.A. nos comprometemos a cumplir plenamente con las leyes y los reglamentos que nos afectan y actuar de manera \u00edntegra.<\/span><br \/><span style=\"color: #000000;\">Nuestro C\u00f3digo de \u00c9tica es estricto y se aplica a todos los niveles de la organizaci\u00f3n, desde la alta direcci\u00f3n hasta cada empleado.<\/span><\/p>\t\t\t\t\t\t\t\t<\/div>\n\t\t\t\t<\/div>\n\t\t\t\t<div class=\"elementor-element elementor-element-252482d elementor-icon-list--layout-traditional elementor-list-item-link-full_width elementor-widget elementor-widget-icon-list\" data-id=\"252482d\" data-element_type=\"widget\" data-e-type=\"widget\" data-widget_type=\"icon-list.default\">\n\t\t\t\t<div class=\"elementor-widget-container\">\n\t\t\t\t\t\t\t<ul class=\"elementor-icon-list-items\">\n\t\t\t\t\t\t\t<li class=\"elementor-icon-list-item\">\n\t\t\t\t\t\t\t\t\t\t\t<a href=\"https:\/\/www.chediack.com.ar\/wp-content\/uploads\/2025\/09\/PAS-Politica-Antisoborno-v.4.pdf\">\n\n\t\t\t\t\t\t\t\t\t\t\t\t<span class=\"elementor-icon-list-icon\">\n\t\t\t\t\t\t\t<svg aria-hidden=\"true\" class=\"e-font-icon-svg e-fas-file-pdf\" viewBox=\"0 0 384 512\" xmlns=\"http:\/\/www.w3.org\/2000\/svg\"><path d=\"M181.9 256.1c-5-16-4.9-46.9-2-46.9 8.4 0 7.6 36.9 2 46.9zm-1.7 47.2c-7.7 20.2-17.3 43.3-28.4 62.7 18.3-7 39-17.2 62.9-21.9-12.7-9.6-24.9-23.4-34.5-40.8zM86.1 428.1c0 .8 13.2-5.4 34.9-40.2-6.7 6.3-29.1 24.5-34.9 40.2zM248 160h136v328c0 13.3-10.7 24-24 24H24c-13.3 0-24-10.7-24-24V24C0 10.7 10.7 0 24 0h200v136c0 13.2 10.8 24 24 24zm-8 171.8c-20-12.2-33.3-29-42.7-53.8 4.5-18.5 11.6-46.6 6.2-64.2-4.7-29.4-42.4-26.5-47.8-6.8-5 18.3-.4 44.1 8.1 77-11.6 27.6-28.7 64.6-40.8 85.8-.1 0-.1.1-.2.1-27.1 13.9-73.6 44.5-54.5 68 5.6 6.9 16 10 21.5 10 17.9 0 35.7-18 61.1-61.8 25.8-8.5 54.1-19.1 79-23.2 21.7 11.8 47.1 19.5 64 19.5 29.2 0 31.2-32 19.7-43.4-13.9-13.6-54.3-9.7-73.6-7.2zM377 105L279 7c-4.5-4.5-10.6-7-17-7h-6v128h128v-6.1c0-6.3-2.5-12.4-7-16.9zm-74.1 255.3c4.1-2.7-2.5-11.9-42.8-9 37.1 15.8 42.8 9 42.8 9z\"><\/path><\/svg>\t\t\t\t\t\t<\/span>\n\t\t\t\t\t\t\t\t\t\t<span class=\"elementor-icon-list-text\">CONOZCA NUESTRA POL\u00cdTICA ANTISOBORNO<\/span>\n\t\t\t\t\t\t\t\t\t\t\t<\/a>\n\t\t\t\t\t\t\t\t\t<\/li>\n\t\t\t\t\t\t\t\t<li class=\"elementor-icon-list-item\">\n\t\t\t\t\t\t\t\t\t\t\t<a href=\"https:\/\/www.chediack.com.ar\/wp-content\/uploads\/2025\/01\/codigo-de-conducta-y-etica.pdf\">\n\n\t\t\t\t\t\t\t\t\t\t\t\t<span class=\"elementor-icon-list-icon\">\n\t\t\t\t\t\t\t<svg aria-hidden=\"true\" class=\"e-font-icon-svg e-far-file-alt\" viewBox=\"0 0 384 512\" xmlns=\"http:\/\/www.w3.org\/2000\/svg\"><path d=\"M288 248v28c0 6.6-5.4 12-12 12H108c-6.6 0-12-5.4-12-12v-28c0-6.6 5.4-12 12-12h168c6.6 0 12 5.4 12 12zm-12 72H108c-6.6 0-12 5.4-12 12v28c0 6.6 5.4 12 12 12h168c6.6 0 12-5.4 12-12v-28c0-6.6-5.4-12-12-12zm108-188.1V464c0 26.5-21.5 48-48 48H48c-26.5 0-48-21.5-48-48V48C0 21.5 21.5 0 48 0h204.1C264.8 0 277 5.1 286 14.1L369.9 98c9 8.9 14.1 21.2 14.1 33.9zm-128-80V128h76.1L256 51.9zM336 464V176H232c-13.3 0-24-10.7-24-24V48H48v416h288z\"><\/path><\/svg>\t\t\t\t\t\t<\/span>\n\t\t\t\t\t\t\t\t\t\t<span class=\"elementor-icon-list-text\">CONOZCA NUESTRO C\u00d3DIGO DE \u00c9TICA <\/span>\n\t\t\t\t\t\t\t\t\t\t\t<\/a>\n\t\t\t\t\t\t\t\t\t<\/li>\n\t\t\t\t\t\t<\/ul>\n\t\t\t\t\t\t<\/div>\n\t\t\t\t<\/div>\n\t\t\t\t<\/div>\n\t\t<div class=\"elementor-element elementor-element-20b6949 e-con-full e-flex e-con e-child\" data-id=\"20b6949\" data-element_type=\"container\" data-e-type=\"container\">\n\t\t\t\t<div class=\"elementor-element elementor-element-3f2d4dd elementor-widget elementor-widget-text-editor\" data-id=\"3f2d4dd\" data-element_type=\"widget\" data-e-type=\"widget\" data-widget_type=\"text-editor.default\">\n\t\t\t\t<div class=\"elementor-widget-container\">\n\t\t\t\t\t\t\t\t\t<div class=\"elementor-element elementor-element-74707fa elementor-widget__width-initial elementor-widget elementor-widget-heading\" data-id=\"74707fa\" data-element_type=\"widget\" data-widget_type=\"heading.default\"><h4 style=\"text-align: center;\">Pol\u00edtica Antisoborno<\/h4><\/div>\t\t\t\t\t\t\t\t<\/div>\n\t\t\t\t<\/div>\n\t\t\t\t<div class=\"elementor-element elementor-element-bf97e69 elementor-widget elementor-widget-image\" data-id=\"bf97e69\" data-element_type=\"widget\" data-e-type=\"widget\" data-widget_type=\"image.default\">\n\t\t\t\t<div class=\"elementor-widget-container\">\n\t\t\t\t\t\t\t\t\t\t\t\t\t\t\t<img decoding=\"async\" width=\"82\" height=\"82\" src=\"https:\/\/www.chediack.com.ar\/wp-content\/uploads\/2025\/01\/politica-antisoborno.png\" class=\"attachment-medium size-medium wp-image-3637\" alt=\"\" \/>\t\t\t\t\t\t\t\t\t\t\t\t\t\t\t<\/div>\n\t\t\t\t<\/div>\n\t\t\t\t<div class=\"elementor-element elementor-element-4d43d17 elementor-widget elementor-widget-text-editor\" data-id=\"4d43d17\" data-element_type=\"widget\" data-e-type=\"widget\" data-widget_type=\"text-editor.default\">\n\t\t\t\t<div class=\"elementor-widget-container\">\n\t\t\t\t\t\t\t\t\t<p style=\"text-align: center;\"><span style=\"color: #000000;\">La Pol\u00edtica Antisoborno de CHEDIACK refleja que nuestra Organizaci\u00f3n dispone y expone de forma permanente un compromiso absoluto con el desarrollo de sus actividades con el m\u00e1ximo nivel de \u00e9tica y cumplimiento de la legalidad vigente.<\/span><\/p>\t\t\t\t\t\t\t\t<\/div>\n\t\t\t\t<\/div>\n\t\t\t\t<\/div>\n\t\t\t\t\t<\/div>\n\t\t\t\t<\/div>\n\t\t<div class=\"elementor-element elementor-element-4ebf28d e-flex e-con-boxed e-con e-parent\" data-id=\"4ebf28d\" data-element_type=\"container\" data-e-type=\"container\">\n\t\t\t\t\t<div class=\"e-con-inner\">\n\t\t\t\t<div class=\"elementor-element elementor-element-89eff5d elementor-widget-divider--view-line elementor-widget elementor-widget-divider\" data-id=\"89eff5d\" data-element_type=\"widget\" data-e-type=\"widget\" data-widget_type=\"divider.default\">\n\t\t\t\t<div class=\"elementor-widget-container\">\n\t\t\t\t\t\t\t<div class=\"elementor-divider\">\n\t\t\t<span class=\"elementor-divider-separator\">\n\t\t\t\t\t\t<\/span>\n\t\t<\/div>\n\t\t\t\t\t\t<\/div>\n\t\t\t\t<\/div>\n\t\t\t\t\t<\/div>\n\t\t\t\t<\/div>\n\t\t<div class=\"elementor-element elementor-element-e31d199 e-con-full e-flex e-con e-parent\" data-id=\"e31d199\" data-element_type=\"container\" data-e-type=\"container\" data-settings=\"{&quot;background_background&quot;:&quot;classic&quot;}\">\n\t\t\t\t<div class=\"elementor-element elementor-element-a525478 elementor-widget elementor-widget-text-editor\" data-id=\"a525478\" data-element_type=\"widget\" data-e-type=\"widget\" data-widget_type=\"text-editor.default\">\n\t\t\t\t<div class=\"elementor-widget-container\">\n\t\t\t\t\t\t\t\t\t<h3 style=\"text-align: center;\"><span style=\"color: #ffffff;\">Canal de denuncias<\/span><\/h3><p style=\"text-align: center;\"><span style=\"color: #ffffff;\">Hemos implementado un canal de denuncias para facilitar la comunicaci\u00f3n de actividades y conductas potencialmente irregulares, que puedan representar una violaci\u00f3n de nuestro c\u00f3digo de \u00e9tica o la posible comisi\u00f3n de un delito penal. Las denuncias pueden realizarse a trav\u00e9s de un sencillo formulario, sin necesidad de proporcionar datos personales. Todas las comunicaciones se analizan de manera diligente, rigurosa y confidencial, siguiendo un procedimiento dise\u00f1ado para asegurar una respuesta y tratamiento adecuados.<\/span><\/p>\t\t\t\t\t\t\t\t<\/div>\n\t\t\t\t<\/div>\n\t\t\t\t<div class=\"elementor-element elementor-element-e34506c elementor-align-center elementor-icon-list--layout-traditional elementor-list-item-link-full_width elementor-widget elementor-widget-icon-list\" data-id=\"e34506c\" data-element_type=\"widget\" data-e-type=\"widget\" data-widget_type=\"icon-list.default\">\n\t\t\t\t<div class=\"elementor-widget-container\">\n\t\t\t\t\t\t\t<ul class=\"elementor-icon-list-items\">\n\t\t\t\t\t\t\t<li class=\"elementor-icon-list-item\">\n\t\t\t\t\t\t\t\t\t\t\t<a href=\"https:\/\/www.sofidya.com\/canal-etico.php?id=43df47f4bb914fb41ac0678c4f08b956530f150c5766b3ba03a87e7f43f3a77a\">\n\n\t\t\t\t\t\t\t\t\t\t\t\t<span class=\"elementor-icon-list-icon\">\n\t\t\t\t\t\t\t<svg aria-hidden=\"true\" class=\"e-font-icon-svg e-fas-marker\" viewBox=\"0 0 512 512\" xmlns=\"http:\/\/www.w3.org\/2000\/svg\"><path d=\"M93.95 290.03A327.038 327.038 0 0 0 .17 485.11l-.03.23c-1.7 15.28 11.21 28.2 26.49 26.51a327.02 327.02 0 0 0 195.34-93.8l75.4-75.4-128.02-128.02-75.4 75.4zM485.49 26.51c-35.35-35.35-92.67-35.35-128.02 0l-21.76 21.76-36.56-36.55c-15.62-15.62-40.95-15.62-56.56 0L138.47 115.84c-6.25 6.25-6.25 16.38 0 22.63l22.62 22.62c6.25 6.25 16.38 6.25 22.63 0l87.15-87.15 19.59 19.59L191.98 192 320 320.02l165.49-165.49c35.35-35.35 35.35-92.66 0-128.02z\"><\/path><\/svg>\t\t\t\t\t\t<\/span>\n\t\t\t\t\t\t\t\t\t\t<span class=\"elementor-icon-list-text\">REALIZAR DENUNCIAS<\/span>\n\t\t\t\t\t\t\t\t\t\t\t<\/a>\n\t\t\t\t\t\t\t\t\t<\/li>\n\t\t\t\t\t\t<\/ul>\n\t\t\t\t\t\t<\/div>\n\t\t\t\t<\/div>\n\t\t\t\t<\/div>\n\t\t\t\t<\/div>\n\t\t","protected":false},"excerpt":{"rendered":"<p>Nuestro Compromiso En CHEDIACK la integridad es un pilar fundamental de nuestra operaci\u00f3n. Nos comprometemos a actuar siempre con la m\u00e1xima honestidad y transparencia, asegurando que todas nuestras decisiones y acciones est\u00e9n guiadas por los m\u00e1s altos est\u00e1ndares morales y profesionales. C\u00f3digo de \u00c9tica El C\u00f3digo de \u00c9tica de JOS\u00c9 J. CHEDIACK S.A.I.C.A., Tiene por [&hellip;]<\/p>\n","protected":false},"author":1,"featured_media":0,"parent":0,"menu_order":0,"comment_status":"closed","ping_status":"closed","template":"","meta":{"_monsterinsights_skip_tracking":false,"_monsterinsights_sitenote_active":false,"_monsterinsights_sitenote_note":"","_monsterinsights_sitenote_category":0,"footnotes":""},"class_list":["post-3622","page","type-page","status-publish","hentry"],"_links":{"self":[{"href":"https:\/\/www.chediack.com.ar\/index.php?rest_route=\/wp\/v2\/pages\/3622","targetHints":{"allow":["GET"]}}],"collection":[{"href":"https:\/\/www.chediack.com.ar\/index.php?rest_route=\/wp\/v2\/pages"}],"about":[{"href":"https:\/\/www.chediack.com.ar\/index.php?rest_route=\/wp\/v2\/types\/page"}],"author":[{"embeddable":true,"href":"https:\/\/www.chediack.com.ar\/index.php?rest_route=\/wp\/v2\/users\/1"}],"replies":[{"embeddable":true,"href":"https:\/\/www.chediack.com.ar\/index.php?rest_route=%2Fwp%2Fv2%2Fcomments&post=3622"}],"version-history":[{"count":43,"href":"https:\/\/www.chediack.com.ar\/index.php?rest_route=\/wp\/v2\/pages\/3622\/revisions"}],"predecessor-version":[{"id":4270,"href":"https:\/\/www.chediack.com.ar\/index.php?rest_route=\/wp\/v2\/pages\/3622\/revisions\/4270"}],"wp:attachment":[{"href":"https:\/\/www.chediack.com.ar\/index.php?rest_route=%2Fwp%2Fv2%2Fmedia&parent=3622"}],"curies":[{"name":"wp","href":"https:\/\/api.w.org\/{rel}","templated":true}]}}